{"id":160,"date":"2019-01-31T18:07:45","date_gmt":"2019-01-31T18:07:45","guid":{"rendered":"http:\/\/guriaprodutora.com.br\/?page_id=160"},"modified":"2022-02-07T18:50:13","modified_gmt":"2022-02-07T18:50:13","slug":"oficinas-cursos","status":"publish","type":"page","link":"https:\/\/guriaprodutora.com.br\/?page_id=160","title":{"rendered":"Oficinas &#038; Cursos"},"content":{"rendered":"<div class=\"brz-root__container brz-reset-all\">\n<section id=\"dedvovqlrg\" class=\"brz-section css-1qg89ww\" data-uid=\"dedvovqlrg\">\n<div class=\"brz-section__items\">\n<div class=\"brz-section__content\">\n<div class=\"brz-bg css-1jbfsi8\">\n<div class=\"brz-bg-media\">\n<div class=\"brz-bg-video\" data-mute=\"on\" data-autoplay=\"on\"><iframe class=\"brz-iframe brz-bg-video__cover\" style=\"display: none;\"><\/iframe><\/div>\n<div class=\"brz-bg-map\"><iframe class=\"brz-iframe brz-bg-map__cover\" style=\"display: none;\"><\/iframe><\/div>\n<div class=\"brz-bg-color\"><\/div>\n<\/div>\n<div class=\"brz-bg-content\">\n<div class=\"brz-container__wrap css-1jh4eio\">\n<div class=\"brz-container css-1hoqh22\">\n<div class=\"brz-row__container\">\n<div class=\"brz-bg brz-d-xs-flex brz-flex-xs-wrap css-1l2drw8\">\n<div class=\"brz-bg-media\">\n<div class=\"brz-bg-color\"><\/div>\n<\/div>\n<div class=\"brz-bg-content\">\n<div class=\"brz-row css-18qg7sn\">\n<div class=\"brz-columns css-z4jmud\">\n<div class=\"brz-bg brz-d-xs-flex css-zhs4ro\">\n<div class=\"brz-bg-media\">\n<div class=\"brz-bg-color\"><\/div>\n<\/div>\n<div class=\"brz-bg-content\">\n<div class=\"brz-wrapper css-6fvry1\">\n<div class=\"brz-d-xs-flex css-blabo\">\n<div class=\"brz-rich-text\">\n<p class=\"brz-tp-abovetitle\"><strong>Cursos na \u00e1rea da Cultura e Entretenimento<\/strong><\/p>\n<\/div>\n<\/div>\n<\/div>\n<div class=\"brz-wrapper css-6fvry1\">\n<div class=\"brz-d-xs-flex css-laz546\">\n<div class=\"brz-rich-text\">\n<h2 class=\"brz-tp-heading2 brz-text-lg-left\"><span style=\"color: #fc080d;\">Oficinas &amp; Cursos<\/span><\/h2>\n<\/div>\n<\/div>\n<\/div>\n<div class=\"brz-wrapper css-6fvry1\">\n<div class=\"brz-d-xs-flex css-laz546\">\n<div class=\"brz-rich-text\">\n<p class=\"brz-tp-paragraph\"><span class=\"brz-cp-color7\">O Projeto Oficinas e Cursos da Guria Produtora est\u00e1 no mercado h\u00e1 9 anos e j\u00e1 capacitou mais de 1000 alunos em todo o Brasil. Conforme sabemos, o setor de eventos \u00e9 um dos que mais cresce no mercado, envolvendo muitas vezes grandes investimentos. Isso mostra cada vez mais a import\u00e2ncia de se ter um profissional bem informado e seguro das fun\u00e7\u00f5es a serem exercidas. Atendendo a esta necessidade de conhecimento e capacita\u00e7\u00e3o na \u00e1erea de eventos, nossos cursos vem colaborando para o desenvolvimento e a profissionaliza\u00e7\u00e3o do setor. Se voc\u00ea mora em outra cidade ou estado e gostaria de levar os nossos cursos, fale com a gente. Vai ser um prazer! \ud83d\ude42 <\/span><\/p>\n<p class=\"brz-tp-paragraph\"><span class=\"brz-cp-color7\">Para maiores informa\u00e7\u00f5es envie um email para: <\/span><span style=\"color: #f80606;\">oficinasecursos@guriaprodutora.com.br<\/span><span class=\"brz-cp-color7\"> ou pelo telefone: <\/span><span style=\"color: #f80a1e;\">(84) 99621.1841<\/span><\/p>\n<\/div>\n<\/div>\n<\/div>\n<\/div>\n<\/div>\n<\/div>\n<\/div>\n<\/div>\n<\/div>\n<\/div>\n<div class=\"brz-wrapper css-6fvry1\">\n<div class=\"brz-d-xs-flex css-1rmgdh0\">\n<div class=\"brz-spacer css-j8tin6\"><\/div>\n<\/div>\n<\/div>\n<\/div>\n<\/div>\n<\/div>\n<\/div>\n<\/div>\n<\/div>\n<\/section>\n<section id=\"wfefsjwaxi\" class=\"brz-section css-1qg89ww\" data-uid=\"wfefsjwaxi\">\n<div class=\"brz-section__items\">\n<div class=\"brz-section__content\">\n<div class=\"brz-bg css-6scp3r\">\n<div class=\"brz-bg-media\">\n<div class=\"brz-bg-video\" data-mute=\"on\" data-autoplay=\"on\"><iframe class=\"brz-iframe brz-bg-video__cover\" style=\"display: none;\"><\/iframe><\/div>\n<div class=\"brz-bg-map\"><iframe class=\"brz-iframe brz-bg-map__cover\" style=\"display: none;\"><\/iframe><\/div>\n<div class=\"brz-bg-color\"><\/div>\n<\/div>\n<div class=\"brz-bg-content\">\n<div class=\"brz-container__wrap css-s99j4t\">\n<div class=\"brz-container css-y6czme\">\n<div class=\"brz-row__container\">\n<div class=\"brz-bg brz-d-xs-flex brz-flex-xs-wrap css-1l2drw8\">\n<div class=\"brz-bg-media\">\n<div class=\"brz-bg-color\"><\/div>\n<\/div>\n<div class=\"brz-bg-content\">\n<div class=\"brz-row css-18qg7sn\">\n<div class=\"brz-columns css-1oo69gd\">\n<div class=\"brz-bg brz-d-xs-flex css-12xj8v7\">\n<div class=\"brz-bg-media\">\n<div class=\"brz-bg-video\" data-mute=\"on\" data-autoplay=\"on\"><iframe class=\"brz-iframe brz-bg-video__cover\" style=\"display: none;\"><\/iframe><\/div>\n<div class=\"brz-bg-map\"><iframe class=\"brz-iframe brz-bg-map__cover\" style=\"display: none;\"><\/iframe><\/div>\n<div class=\"brz-bg-color\"><\/div>\n<\/div>\n<div class=\"brz-bg-content\">\n<div class=\"brz-wrapper css-6fvry1\">\n<div class=\"brz-d-xs-flex css-kpnp2l\">\n<div class=\"brz-image css-1gtliit\"><picture><source srcset=\"{@brizy_SITE_URL_PLACEHOLDER@}\/?brizy_media=wp-741fec6c97ae5bc535f53e06487c20a5&amp;brizy_crop=iW%3D422%26iH%3D723%26oX%3D36%26oY%3D170%26cW%3D358%26cH%3D398&amp;brizy_post=160 1x, {@brizy_SITE_URL_PLACEHOLDER@}\/?brizy_media=wp-741fec6c97ae5bc535f53e06487c20a5&amp;brizy_crop=iW%3D844%26iH%3D1446%26oX%3D72%26oY%3D340%26cW%3D716%26cH%3D796&amp;brizy_post=160 2x\" media=\"(min-width: 992px)\" \/><source srcset=\"{@brizy_SITE_URL_PLACEHOLDER@}\/?brizy_media=wp-741fec6c97ae5bc535f53e06487c20a5&amp;brizy_crop=iW%3D252%26iH%3D432%26oX%3D22%26oY%3D101%26cW%3D214%26cH%3D238&amp;brizy_post=160 1x, {@brizy_SITE_URL_PLACEHOLDER@}\/?brizy_media=wp-741fec6c97ae5bc535f53e06487c20a5&amp;brizy_crop=iW%3D504%26iH%3D864%26oX%3D44%26oY%3D202%26cW%3D428%26cH%3D476&amp;brizy_post=160 2x\" media=\"(min-width: 768px)\" \/><img class=\"brz-img\" src=\"{@brizy_SITE_URL_PLACEHOLDER@}\/?brizy_media=wp-741fec6c97ae5bc535f53e06487c20a5&amp;brizy_crop=iW%3D470%26iH%3D805%26oX%3D72%26oY%3D157%26cW%3D398%26cH%3D443&amp;brizy_post=160\" srcset=\"{@brizy_SITE_URL_PLACEHOLDER@}\/?brizy_media=wp-741fec6c97ae5bc535f53e06487c20a5&amp;brizy_crop=iW%3D470%26iH%3D805%26oX%3D72%26oY%3D157%26cW%3D398%26cH%3D443&amp;brizy_post=160 1x, {@brizy_SITE_URL_PLACEHOLDER@}\/?brizy_media=wp-741fec6c97ae5bc535f53e06487c20a5&amp;brizy_crop=iW%3D940%26iH%3D1610%26oX%3D144%26oY%3D314%26cW%3D796%26cH%3D886&amp;brizy_post=160 2x\" alt=\"{{ brizy_dc_image_alt uid='wp-741fec6c97ae5bc535f53e06487c20a5' }}\" \/><\/picture><\/div>\n<\/div>\n<\/div>\n<div class=\"brz-wrapper css-b75mnq\">\n<div class=\"brz-d-xs-flex css-1rmgdh0\">\n<div class=\"brz-spacer css-10y9tfp\"><\/div>\n<\/div>\n<\/div>\n<div class=\"brz-wrapper css-6fvry1\">\n<div class=\"brz-d-xs-flex css-uqju40\">\n<div class=\"brz-rich-text\">\n<h4 class=\"brz-ff-lato brz-fw-xs-im-400 brz-fw-sm-im-400 brz-fw-lg-400 brz-ls-xs-im-0 brz-ls-sm-im-0 brz-ls-lg-m_1 brz-fs-xs-im-21 brz-fs-sm-im-24 brz-fs-lg-26 brz-lh-xs-im-1_4 brz-lh-sm-im-1_4 brz-lh-lg-1_4\"><span style=\"color: #f90808;\">Produ\u00e7\u00e3o T\u00e9cnica I<\/span><\/h4>\n<\/div>\n<\/div>\n<\/div>\n<div class=\"brz-wrapper css-6fvry1\">\n<div class=\"brz-d-xs-flex css-1ebfmkp\">\n<div class=\"brz-rich-text\">\n<p class=\"brz-tp-paragraph brz-text-lg-left\"><span class=\"brz-cp-color7\">Curso Produ\u00e7\u00e3o T\u00e9cnica I &#8211; O b\u00e1sico para bandas e eventos<\/span><\/p>\n<\/div>\n<\/div>\n<\/div>\n<div class=\"brz-wrapper css-b75mnq\">\n<div class=\"brz-d-xs-flex css-1rmgdh0\">\n<div class=\"brz-spacer css-1cxbo6i\"><\/div>\n<\/div>\n<\/div>\n<div class=\"brz-wrapper-clone css-nil\">\n<div class=\"brz-wrapper-clone__wrap css-eozzd2\">\n<div class=\"brz-d-xs-flex brz-flex-xs-wrap css-y9s7mw\">\n<div class=\"brz-wrapper-clone__item css-16a2s3d\"><a class=\"brz-a brz-btn css-g0pfwx\" data-brz-link-type=\"external\"><span class=\"brz-span brz-text__editor\" contenteditable=\"false\">Mais Informa\u00e7\u00f5es<\/span><\/a><\/div>\n<\/div>\n<\/div>\n<\/div>\n<div class=\"brz-wrapper css-6fvry1\">\n<div class=\"brz-d-xs-flex css-1rmgdh0\">\n<div class=\"brz-spacer css-10y9tfp\"><\/div>\n<\/div>\n<\/div>\n<\/div>\n<\/div>\n<\/div>\n<div class=\"brz-columns css-1oo69gd\">\n<div class=\"brz-bg brz-d-xs-flex css-12xj8v7\">\n<div class=\"brz-bg-media\">\n<div class=\"brz-bg-video\" data-mute=\"on\" data-autoplay=\"on\"><iframe class=\"brz-iframe brz-bg-video__cover\" style=\"display: none;\"><\/iframe><\/div>\n<div class=\"brz-bg-map\"><iframe class=\"brz-iframe brz-bg-map__cover\" style=\"display: none;\"><\/iframe><\/div>\n<div class=\"brz-bg-color\"><\/div>\n<\/div>\n<div class=\"brz-bg-content\">\n<div class=\"brz-wrapper css-6fvry1\">\n<div class=\"brz-d-xs-flex css-kpnp2l\">\n<div class=\"brz-image css-1gtliit\"><picture><source srcset=\"{@brizy_SITE_URL_PLACEHOLDER@}\/?brizy_media=wp-c4ad8da4b92e8f8f25faf4ddc538d1ed&amp;brizy_crop=iW%3D594%26iH%3D396%26oX%3D165%26oY%3D0%26cW%3D358%26cH%3D396&amp;brizy_post=160 1x, {@brizy_SITE_URL_PLACEHOLDER@}\/?brizy_media=wp-c4ad8da4b92e8f8f25faf4ddc538d1ed&amp;brizy_crop=iW%3D1188%26iH%3D792%26oX%3D330%26oY%3D0%26cW%3D716%26cH%3D792&amp;brizy_post=160 2x\" media=\"(min-width: 992px)\" \/><source srcset=\"{@brizy_SITE_URL_PLACEHOLDER@}\/?brizy_media=wp-c4ad8da4b92e8f8f25faf4ddc538d1ed&amp;brizy_crop=iW%3D355%26iH%3D237%26oX%3D99%26oY%3D0%26cW%3D214%26cH%3D237&amp;brizy_post=160 1x, {@brizy_SITE_URL_PLACEHOLDER@}\/?brizy_media=wp-c4ad8da4b92e8f8f25faf4ddc538d1ed&amp;brizy_crop=iW%3D710%26iH%3D474%26oX%3D198%26oY%3D0%26cW%3D428%26cH%3D474&amp;brizy_post=160 2x\" media=\"(min-width: 768px)\" \/><img class=\"brz-img\" src=\"{@brizy_SITE_URL_PLACEHOLDER@}\/?brizy_media=wp-c4ad8da4b92e8f8f25faf4ddc538d1ed&amp;brizy_crop=iW%3D661%26iH%3D440%26oX%3D184%26oY%3D0%26cW%3D398%26cH%3D440&amp;brizy_post=160\" srcset=\"{@brizy_SITE_URL_PLACEHOLDER@}\/?brizy_media=wp-c4ad8da4b92e8f8f25faf4ddc538d1ed&amp;brizy_crop=iW%3D661%26iH%3D440%26oX%3D184%26oY%3D0%26cW%3D398%26cH%3D440&amp;brizy_post=160 1x, {@brizy_SITE_URL_PLACEHOLDER@}\/?brizy_media=wp-c4ad8da4b92e8f8f25faf4ddc538d1ed&amp;brizy_crop=iW%3D1322%26iH%3D880%26oX%3D368%26oY%3D0%26cW%3D796%26cH%3D880&amp;brizy_post=160 2x\" alt=\"{{ brizy_dc_image_alt uid='wp-c4ad8da4b92e8f8f25faf4ddc538d1ed' }}\" \/><\/picture><\/div>\n<\/div>\n<\/div>\n<div class=\"brz-wrapper css-6fvry1\">\n<div class=\"brz-d-xs-flex css-1rmgdh0\">\n<div class=\"brz-spacer css-10y9tfp\"><\/div>\n<\/div>\n<\/div>\n<div class=\"brz-wrapper css-6fvry1\">\n<div class=\"brz-d-xs-flex css-uqju40\">\n<div class=\"brz-rich-text\">\n<h4 class=\"brz-fw-xs-im-400 brz-fw-sm-im-400 brz-fw-lg-400 brz-ff-lato brz-ls-xs-im-0 brz-ls-sm-im-0 brz-ls-lg-m_1 brz-fs-xs-im-21 brz-fs-sm-im-24 brz-fs-lg-26 brz-lh-xs-im-1_4 brz-lh-sm-im-1_4 brz-lh-lg-1_4\"><span style=\"color: #f60419;\">Produ\u00e7\u00e3o de Shows e Eventos<\/span><\/h4>\n<\/div>\n<\/div>\n<\/div>\n<div class=\"brz-wrapper css-6fvry1\">\n<div class=\"brz-d-xs-flex css-1ebfmkp\">\n<div class=\"brz-rich-text\">\n<p class=\"brz-tp-paragraph\"><span class=\"brz-cp-color7\" style=\"background-color: transparent;\">Let&#8217;s not get technical! Create up-to-date designs without writing a single line of code. Build clean, minimalistic websites.<\/span><\/p>\n<\/div>\n<\/div>\n<\/div>\n<div class=\"brz-wrapper css-b75mnq\">\n<div class=\"brz-d-xs-flex css-1rmgdh0\">\n<div class=\"brz-spacer css-1cxbo6i\"><\/div>\n<\/div>\n<\/div>\n<div class=\"brz-wrapper-clone css-nil\">\n<div class=\"brz-wrapper-clone__wrap css-eozzd2\">\n<div class=\"brz-d-xs-flex brz-flex-xs-wrap css-y9s7mw\">\n<div class=\"brz-wrapper-clone__item css-16a2s3d\"><a class=\"brz-a brz-btn css-vxc8k3\" data-brz-link-type=\"external\"><span class=\"brz-span brz-text__editor\" contenteditable=\"false\">Saber mais<\/span><\/a><\/div>\n<\/div>\n<\/div>\n<\/div>\n<div class=\"brz-wrapper css-6fvry1\">\n<div class=\"brz-d-xs-flex css-1rmgdh0\">\n<div class=\"brz-spacer css-lg6wbt\"><\/div>\n<\/div>\n<\/div>\n<\/div>\n<\/div>\n<\/div>\n<div class=\"brz-columns css-1k7cxuy\">\n<div class=\"brz-bg brz-d-xs-flex css-12xj8v7\">\n<div class=\"brz-bg-media\">\n<div class=\"brz-bg-video\" data-mute=\"on\" data-autoplay=\"on\"><iframe class=\"brz-iframe brz-bg-video__cover\" style=\"display: none;\"><\/iframe><\/div>\n<div class=\"brz-bg-map\"><iframe class=\"brz-iframe brz-bg-map__cover\" style=\"display: none;\"><\/iframe><\/div>\n<div class=\"brz-bg-color\"><\/div>\n<\/div>\n<div class=\"brz-bg-content\">\n<div class=\"brz-wrapper css-6fvry1\">\n<div class=\"brz-d-xs-flex css-kpnp2l\">\n<div class=\"brz-image css-1gtliit\"><picture><source srcset=\"{@brizy_SITE_URL_PLACEHOLDER@}\/?brizy_media=wp-03d0d9e4639fe13c3650335d8ed0e6e9&amp;brizy_crop=iW%3D524%26iH%3D393%26oX%3D82%26oY%3D0%26cW%3D359%26cH%3D393&amp;brizy_post=160 1x, {@brizy_SITE_URL_PLACEHOLDER@}\/?brizy_media=wp-03d0d9e4639fe13c3650335d8ed0e6e9&amp;brizy_crop=iW%3D1048%26iH%3D786%26oX%3D164%26oY%3D0%26cW%3D718%26cH%3D786&amp;brizy_post=160 2x\" media=\"(min-width: 992px)\" \/><source srcset=\"{@brizy_SITE_URL_PLACEHOLDER@}\/?brizy_media=wp-03d0d9e4639fe13c3650335d8ed0e6e9&amp;brizy_crop=iW%3D313%26iH%3D235%26oX%3D49%26oY%3D0%26cW%3D215%26cH%3D235&amp;brizy_post=160 1x, {@brizy_SITE_URL_PLACEHOLDER@}\/?brizy_media=wp-03d0d9e4639fe13c3650335d8ed0e6e9&amp;brizy_crop=iW%3D626%26iH%3D470%26oX%3D98%26oY%3D0%26cW%3D430%26cH%3D470&amp;brizy_post=160 2x\" media=\"(min-width: 768px)\" \/><img class=\"brz-img\" src=\"{@brizy_SITE_URL_PLACEHOLDER@}\/?brizy_media=wp-03d0d9e4639fe13c3650335d8ed0e6e9&amp;brizy_crop=iW%3D581%26iH%3D436%26oX%3D92%26oY%3D0%26cW%3D398%26cH%3D436&amp;brizy_post=160\" srcset=\"{@brizy_SITE_URL_PLACEHOLDER@}\/?brizy_media=wp-03d0d9e4639fe13c3650335d8ed0e6e9&amp;brizy_crop=iW%3D581%26iH%3D436%26oX%3D92%26oY%3D0%26cW%3D398%26cH%3D436&amp;brizy_post=160 1x, {@brizy_SITE_URL_PLACEHOLDER@}\/?brizy_media=wp-03d0d9e4639fe13c3650335d8ed0e6e9&amp;brizy_crop=iW%3D1162%26iH%3D872%26oX%3D184%26oY%3D0%26cW%3D796%26cH%3D872&amp;brizy_post=160 2x\" alt=\"{{ brizy_dc_image_alt uid='wp-03d0d9e4639fe13c3650335d8ed0e6e9' }}\" \/><\/picture><\/div>\n<\/div>\n<\/div>\n<div class=\"brz-wrapper css-b75mnq\">\n<div class=\"brz-d-xs-flex css-1rmgdh0\">\n<div class=\"brz-spacer css-10y9tfp\"><\/div>\n<\/div>\n<\/div>\n<div class=\"brz-wrapper css-6fvry1\">\n<div class=\"brz-d-xs-flex css-uqju40\">\n<div class=\"brz-rich-text\">\n<p class=\"brz-tp-heading4 brz-text-lg-left\"><span style=\"color: #f90808;\">Oficina de Rider T\u00e9cnico<\/span><\/p>\n<\/div>\n<\/div>\n<\/div>\n<div class=\"brz-wrapper css-6fvry1\">\n<div class=\"brz-d-xs-flex css-1ebfmkp\">\n<div class=\"brz-rich-text\">\n<p class=\"brz-text-lg-left brz-tp-paragraph\"><span class=\"brz-cp-color7\" style=\"background-color: transparent;\">Bring vibrance to your site by setting color &amp; transparency\u00a0with our color overlays options.\u00a0Simple, fast &amp; stylish only with Brizy!<\/span><\/p>\n<\/div>\n<\/div>\n<\/div>\n<div class=\"brz-wrapper css-b75mnq\">\n<div class=\"brz-d-xs-flex css-1rmgdh0\">\n<div class=\"brz-spacer css-1cxbo6i\"><\/div>\n<\/div>\n<\/div>\n<div class=\"brz-wrapper-clone css-nil\">\n<div class=\"brz-wrapper-clone__wrap css-eozzd2\">\n<div class=\"brz-d-xs-flex brz-flex-xs-wrap css-y9s7mw\">\n<div class=\"brz-wrapper-clone__item css-16a2s3d\"><a class=\"brz-a brz-btn css-1hplznh\" data-brz-link-type=\"external\"><span class=\"brz-span brz-text__editor\" contenteditable=\"false\">Mais Informa\u00e7\u00f5es<\/span><\/a><\/div>\n<\/div>\n<\/div>\n<\/div>\n<div class=\"brz-wrapper css-6fvry1\">\n<div class=\"brz-d-xs-flex css-1rmgdh0\">\n<div class=\"brz-spacer css-10y9tfp\"><\/div>\n<\/div>\n<\/div>\n<\/div>\n<\/div>\n<\/div>\n<\/div>\n<\/div>\n<\/div>\n<\/div>\n<\/div>\n<\/div>\n<\/div>\n<\/div>\n<\/div>\n<\/div>\n<\/section>\n<\/div>\n","protected":false},"excerpt":{"rendered":"<p>Cursos na \u00e1rea da Cultura e Entretenimento Oficinas &amp; Cursos O Projeto Oficinas e Cursos da Guria Produtora est\u00e1 no mercado h\u00e1 9 anos e j\u00e1 capacitou mais de 1000 alunos em<\/p>\n<a class=\"moretag noptoppad\" href=\"https:\/\/guriaprodutora.com.br\/?page_id=160\">Read More...<\/a>","protected":false},"author":1,"featured_media":0,"parent":0,"menu_order":0,"comment_status":"closed","ping_status":"closed","template":"","meta":[],"yoast_head":"<!-- This site is optimized with the Yoast SEO plugin v18.0 - https:\/\/yoast.com\/wordpress\/plugins\/seo\/ -->\n<title>Oficinas &amp; Cursos - Guria Produtora<\/title>\n<meta name=\"robots\" content=\"index, follow, max-snippet:-1, max-image-preview:large, max-video-preview:-1\" \/>\n<link rel=\"canonical\" href=\"https:\/\/guriaprodutora.com.br\/?page_id=160\" \/>\n<meta property=\"og:locale\" content=\"pt_BR\" \/>\n<meta property=\"og:type\" content=\"article\" \/>\n<meta property=\"og:title\" content=\"Oficinas &amp; Cursos - Guria Produtora\" \/>\n<meta property=\"og:description\" content=\"Cursos na \u00e1rea da Cultura e Entretenimento Oficinas &amp; Cursos O Projeto Oficinas e Cursos da Guria Produtora est\u00e1 no mercado h\u00e1 9 anos e j\u00e1 capacitou mais de 1000 alunos em\" \/>\n<meta property=\"og:url\" content=\"https:\/\/guriaprodutora.com.br\/?page_id=160\" \/>\n<meta property=\"og:site_name\" content=\"Guria Produtora\" \/>\n<meta property=\"article:modified_time\" content=\"2022-02-07T18:50:13+00:00\" \/>\n<meta property=\"og:image\" content=\"http:\/\/@brizy_SITE_URL_PLACEHOLDER@\/?brizy_media=wp-741fec6c97ae5bc535f53e06487c20a5&#038;brizy_crop=iW%3D470%26iH%3D805%26oX%3D72%26oY%3D157%26cW%3D398%26cH%3D443&#038;brizy_post=160\" \/>\n<meta name=\"twitter:card\" content=\"summary_large_image\" \/>\n<meta name=\"twitter:label1\" content=\"Est. tempo de leitura\" \/>\n\t<meta name=\"twitter:data1\" content=\"2 minutos\" \/>\n<script type=\"application\/ld+json\" class=\"yoast-schema-graph\">{\"@context\":\"https:\/\/schema.org\",\"@graph\":[{\"@type\":\"WebSite\",\"@id\":\"https:\/\/guriaprodutora.com.br\/#website\",\"url\":\"https:\/\/guriaprodutora.com.br\/\",\"name\":\"Guria Produtora\",\"description\":\"Solu\u00e7\u00f5es para todos os tipos de eventos\",\"potentialAction\":[{\"@type\":\"SearchAction\",\"target\":{\"@type\":\"EntryPoint\",\"urlTemplate\":\"https:\/\/guriaprodutora.com.br\/?s={search_term_string}\"},\"query-input\":\"required name=search_term_string\"}],\"inLanguage\":\"pt-BR\"},{\"@type\":\"ImageObject\",\"@id\":\"https:\/\/guriaprodutora.com.br\/?page_id=160#primaryimage\",\"inLanguage\":\"pt-BR\",\"url\":\"{@brizy_SITE_URL_PLACEHOLDER@}\/?brizy_media=wp-741fec6c97ae5bc535f53e06487c20a5&amp;brizy_crop=iW%3D470%26iH%3D805%26oX%3D72%26oY%3D157%26cW%3D398%26cH%3D443&amp;brizy_post=160\",\"contentUrl\":\"{@brizy_SITE_URL_PLACEHOLDER@}\/?brizy_media=wp-741fec6c97ae5bc535f53e06487c20a5&amp;brizy_crop=iW%3D470%26iH%3D805%26oX%3D72%26oY%3D157%26cW%3D398%26cH%3D443&amp;brizy_post=160\"},{\"@type\":\"WebPage\",\"@id\":\"https:\/\/guriaprodutora.com.br\/?page_id=160#webpage\",\"url\":\"https:\/\/guriaprodutora.com.br\/?page_id=160\",\"name\":\"Oficinas & Cursos - Guria Produtora\",\"isPartOf\":{\"@id\":\"https:\/\/guriaprodutora.com.br\/#website\"},\"primaryImageOfPage\":{\"@id\":\"https:\/\/guriaprodutora.com.br\/?page_id=160#primaryimage\"},\"datePublished\":\"2019-01-31T18:07:45+00:00\",\"dateModified\":\"2022-02-07T18:50:13+00:00\",\"breadcrumb\":{\"@id\":\"https:\/\/guriaprodutora.com.br\/?page_id=160#breadcrumb\"},\"inLanguage\":\"pt-BR\",\"potentialAction\":[{\"@type\":\"ReadAction\",\"target\":[\"https:\/\/guriaprodutora.com.br\/?page_id=160\"]}]},{\"@type\":\"BreadcrumbList\",\"@id\":\"https:\/\/guriaprodutora.com.br\/?page_id=160#breadcrumb\",\"itemListElement\":[{\"@type\":\"ListItem\",\"position\":1,\"name\":\"In\u00edcio\",\"item\":\"https:\/\/guriaprodutora.com.br\/\"},{\"@type\":\"ListItem\",\"position\":2,\"name\":\"Oficinas &#038; Cursos\"}]}]}<\/script>\n<!-- \/ Yoast SEO plugin. -->","yoast_head_json":{"title":"Oficinas & Cursos - Guria Produtora","robots":{"index":"index","follow":"follow","max-snippet":"max-snippet:-1","max-image-preview":"max-image-preview:large","max-video-preview":"max-video-preview:-1"},"canonical":"https:\/\/guriaprodutora.com.br\/?page_id=160","og_locale":"pt_BR","og_type":"article","og_title":"Oficinas & Cursos - Guria Produtora","og_description":"Cursos na \u00e1rea da Cultura e Entretenimento Oficinas &amp; Cursos O Projeto Oficinas e Cursos da Guria Produtora est\u00e1 no mercado h\u00e1 9 anos e j\u00e1 capacitou mais de 1000 alunos em","og_url":"https:\/\/guriaprodutora.com.br\/?page_id=160","og_site_name":"Guria Produtora","article_modified_time":"2022-02-07T18:50:13+00:00","og_image":[{"url":"{@brizy_SITE_URL_PLACEHOLDER@}\/?brizy_media=wp-741fec6c97ae5bc535f53e06487c20a5&amp;brizy_crop=iW%3D470%26iH%3D805%26oX%3D72%26oY%3D157%26cW%3D398%26cH%3D443&amp;brizy_post=160"}],"twitter_card":"summary_large_image","twitter_misc":{"Est. tempo de leitura":"2 minutos"},"schema":{"@context":"https:\/\/schema.org","@graph":[{"@type":"WebSite","@id":"https:\/\/guriaprodutora.com.br\/#website","url":"https:\/\/guriaprodutora.com.br\/","name":"Guria Produtora","description":"Solu\u00e7\u00f5es para todos os tipos de eventos","potentialAction":[{"@type":"SearchAction","target":{"@type":"EntryPoint","urlTemplate":"https:\/\/guriaprodutora.com.br\/?s={search_term_string}"},"query-input":"required name=search_term_string"}],"inLanguage":"pt-BR"},{"@type":"ImageObject","@id":"https:\/\/guriaprodutora.com.br\/?page_id=160#primaryimage","inLanguage":"pt-BR","url":"{@brizy_SITE_URL_PLACEHOLDER@}\/?brizy_media=wp-741fec6c97ae5bc535f53e06487c20a5&amp;brizy_crop=iW%3D470%26iH%3D805%26oX%3D72%26oY%3D157%26cW%3D398%26cH%3D443&amp;brizy_post=160","contentUrl":"{@brizy_SITE_URL_PLACEHOLDER@}\/?brizy_media=wp-741fec6c97ae5bc535f53e06487c20a5&amp;brizy_crop=iW%3D470%26iH%3D805%26oX%3D72%26oY%3D157%26cW%3D398%26cH%3D443&amp;brizy_post=160"},{"@type":"WebPage","@id":"https:\/\/guriaprodutora.com.br\/?page_id=160#webpage","url":"https:\/\/guriaprodutora.com.br\/?page_id=160","name":"Oficinas & Cursos - Guria Produtora","isPartOf":{"@id":"https:\/\/guriaprodutora.com.br\/#website"},"primaryImageOfPage":{"@id":"https:\/\/guriaprodutora.com.br\/?page_id=160#primaryimage"},"datePublished":"2019-01-31T18:07:45+00:00","dateModified":"2022-02-07T18:50:13+00:00","breadcrumb":{"@id":"https:\/\/guriaprodutora.com.br\/?page_id=160#breadcrumb"},"inLanguage":"pt-BR","potentialAction":[{"@type":"ReadAction","target":["https:\/\/guriaprodutora.com.br\/?page_id=160"]}]},{"@type":"BreadcrumbList","@id":"https:\/\/guriaprodutora.com.br\/?page_id=160#breadcrumb","itemListElement":[{"@type":"ListItem","position":1,"name":"In\u00edcio","item":"https:\/\/guriaprodutora.com.br\/"},{"@type":"ListItem","position":2,"name":"Oficinas &#038; Cursos"}]}]}},"_links":{"self":[{"href":"https:\/\/guriaprodutora.com.br\/index.php?rest_route=\/wp\/v2\/pages\/160"}],"collection":[{"href":"https:\/\/guriaprodutora.com.br\/index.php?rest_route=\/wp\/v2\/pages"}],"about":[{"href":"https:\/\/guriaprodutora.com.br\/index.php?rest_route=\/wp\/v2\/types\/page"}],"author":[{"embeddable":true,"href":"https:\/\/guriaprodutora.com.br\/index.php?rest_route=\/wp\/v2\/users\/1"}],"replies":[{"embeddable":true,"href":"https:\/\/guriaprodutora.com.br\/index.php?rest_route=%2Fwp%2Fv2%2Fcomments&post=160"}],"version-history":[{"count":12,"href":"https:\/\/guriaprodutora.com.br\/index.php?rest_route=\/wp\/v2\/pages\/160\/revisions"}],"predecessor-version":[{"id":2131,"href":"https:\/\/guriaprodutora.com.br\/index.php?rest_route=\/wp\/v2\/pages\/160\/revisions\/2131"}],"wp:attachment":[{"href":"https:\/\/guriaprodutora.com.br\/index.php?rest_route=%2Fwp%2Fv2%2Fmedia&parent=160"}],"curies":[{"name":"wp","href":"https:\/\/api.w.org\/{rel}","templated":true}]}}